{"id":32,"date":"2011-11-28T16:04:58","date_gmt":"2011-11-28T16:04:58","guid":{"rendered":"http:\/\/www.schuelersegeln-sh.de\/?page_id=32"},"modified":"2024-04-23T21:11:26","modified_gmt":"2024-04-23T19:11:26","slug":"verein","status":"publish","type":"page","link":"https:\/\/www.schuelersegeln-sh.de\/?page_id=32","title":{"rendered":"Verein"},"content":{"rendered":"\n<p class=\"has-text-align-center has-medium-font-size\"><a href=\"http:\/\/www.schuelersegeln-sh.de\/?page_id=523\" target=\"_blank\" rel=\"noreferrer noopener\"><\/a><\/p>\n\n\n<p><img loading=\"lazy\" decoding=\"async\" class=\"alignleft wp-image-953 size-medium\" title=\"team acht\" src=\"https:\/\/www.schuelersegeln-sh.de\/wp-content\/uploads\/2018\/08\/170920_7200_DSC_3717-200x300.jpg\" alt=\"\" width=\"200\" height=\"300\" srcset=\"https:\/\/www.schuelersegeln-sh.de\/wp-content\/uploads\/2018\/08\/170920_7200_DSC_3717-200x300.jpg 200w, https:\/\/www.schuelersegeln-sh.de\/wp-content\/uploads\/2018\/08\/170920_7200_DSC_3717.jpg 667w\" sizes=\"auto, (max-width: 200px) 100vw, 200px\" \/><strong>F\u00fcr das Leben lernen &#8211; die neue Dimension der Segelausbildung<\/strong><\/p>\n<p>Wie k\u00f6nnen wir Kindern die Faszination des Segelns nahe bringen, sie unvergessliche Erfahrungen mit dem Meer machen lassen und ihnen Spa\u00df und Freude am Umgang mit den Elementen Wind und Wasser vermitteln?<\/p>\n<p>Indem wir mit einem daf\u00fcr geeigneten und eigens konstruierten und angefertigten Boot allen Sch\u00fclerinnen und Sch\u00fclern Schleswig-Holsteins die Gelegenheit geben, Segeln zu lernen.<\/p>\n<p>Im Rahmen des Schulunterrichts, in Projekten, in fach\u00fcbergreifenden Veranstaltungen; gemeinsam mit ihren Lehrerinnen und Lehrern!<\/p>\n<p><strong>Segelp\u00e4dagogik, die lebt!<\/strong><\/p>\n<p>Durch das Segeln f\u00fcr das Leben lernen, durch gemeinsame Freude und Erfahrung im Team motiviert werden und Selbstbewusstsein gewinnen: Daf\u00fcr steht der Verein Sch\u00fcler Segeln Schleswig-Holstein. Deswegen geh\u00f6rt das Projekt Sch\u00fcler Segeln Schleswig-Holstein zum Landesprogramm &#8222;Zukunft Meer&#8220; und steht unter der Schirmherrschaft von Schleswig Holsteins Ministerpr\u00e4sident Daniel G\u00fcnther.<\/p>\n<p>Im Jahr 2003 gegr\u00fcndet, hat der Verein Mitglieder aus den verschiedensten Lebens- und Arbeitsbereichen; alle aktiv und engagiert bei der Verwirklung des Vereinsziels: Allen Sch\u00fclerinnen und Sch\u00fclern Schleswig-Holsteins das Segeln nahe zu bringen!<br \/>Der Verein ist ein F\u00f6rderverein, dessen Mitglieder das Projekt tatkr\u00e4ftig unterst\u00fctzen!<\/p>\n<p>&nbsp;<\/p>\n\n\n<p class=\"has-vivid-cyan-blue-color has-text-color has-link-color has-medium-font-size wp-elements-d61e97977ebb4e0f63489f7f8c1ce8b7\"><a href=\"http:\/\/www.schuelersegeln-sh.de\/?page_id=523\" target=\"_blank\" rel=\"noreferrer noopener\"><strong>Zur Chronik des Vereins<\/strong><\/a><\/p>\n","protected":false},"excerpt":{"rendered":"<p>F\u00fcr das Leben lernen &#8211; die neue Dimension der Segelausbildung Wie k\u00f6nnen wir Kindern die Faszination des Segelns nahe bringen, sie unvergessliche Erfahrungen mit dem Meer machen lassen und ihnen Spa\u00df und Freude am Umgang mit den Elementen Wind und Wasser vermitteln? Indem wir mit einem daf\u00fcr geeigneten und eigens konstruierten und angefertigten Boot allen Sch\u00fclerinnen und Sch\u00fclern Schleswig-Holsteins die Gelegenheit geben, Segeln zu lernen. Im Rahmen des Schulunterrichts, in Projekten, in fach\u00fcbergreifenden Veranstaltungen; gemeinsam mit ihren Lehrerinnen und Lehrern! Segelp\u00e4dagogik, die lebt! Durch das Segeln f\u00fcr das Leben lernen, durch gemeinsame Freude und Erfahrung im Team motiviert werden und Selbstbewusstsein gewinnen: Daf\u00fcr steht der Verein Sch\u00fcler Segeln Schleswig-Holstein. Deswegen geh\u00f6rt das Projekt Sch\u00fcler Segeln Schleswig-Holstein zum Landesprogramm &#8222;Zukunft Meer&#8220; und steht unter der Schirmherrschaft von Schleswig Holsteins Ministerpr\u00e4sident Daniel G\u00fcnther. Im Jahr 2003 gegr\u00fcndet, hat der Verein Mitglieder aus den verschiedensten Lebens- und Arbeitsbereichen; alle aktiv und engagiert bei der Verwirklung des Vereinsziels: Allen Sch\u00fclerinnen und Sch\u00fclern Schleswig-Holsteins das Segeln nahe zu bringen!Der Verein ist ein F\u00f6rderverein, dessen Mitglieder das Projekt tatkr\u00e4ftig unterst\u00fctzen! &nbsp; Zur Chronik des Vereins<\/p>\n","protected":false},"author":1,"featured_media":0,"parent":0,"menu_order":0,"comment_status":"closed","ping_status":"open","template":"","meta":{"footnotes":""},"class_list":["post-32","page","type-page","status-publish","hentry"],"_links":{"self":[{"href":"https:\/\/www.schuelersegeln-sh.de\/index.php?rest_route=\/wp\/v2\/pages\/32","targetHints":{"allow":["GET"]}}],"collection":[{"href":"https:\/\/www.schuelersegeln-sh.de\/index.php?rest_route=\/wp\/v2\/pages"}],"about":[{"href":"https:\/\/www.schuelersegeln-sh.de\/index.php?rest_route=\/wp\/v2\/types\/page"}],"author":[{"embeddable":true,"href":"https:\/\/www.schuelersegeln-sh.de\/index.php?rest_route=\/wp\/v2\/users\/1"}],"replies":[{"embeddable":true,"href":"https:\/\/www.schuelersegeln-sh.de\/index.php?rest_route=%2Fwp%2Fv2%2Fcomments&post=32"}],"version-history":[{"count":23,"href":"https:\/\/www.schuelersegeln-sh.de\/index.php?rest_route=\/wp\/v2\/pages\/32\/revisions"}],"predecessor-version":[{"id":1272,"href":"https:\/\/www.schuelersegeln-sh.de\/index.php?rest_route=\/wp\/v2\/pages\/32\/revisions\/1272"}],"wp:attachment":[{"href":"https:\/\/www.schuelersegeln-sh.de\/index.php?rest_route=%2Fwp%2Fv2%2Fmedia&parent=32"}],"curies":[{"name":"wp","href":"https:\/\/api.w.org\/{rel}","templated":true}]}}