{"id":34,"date":"2011-11-28T16:03:34","date_gmt":"2011-11-28T16:03:34","guid":{"rendered":"http:\/\/www.schuelersegeln-sh.de\/?page_id=34"},"modified":"2012-01-03T20:52:52","modified_gmt":"2012-01-03T20:52:52","slug":"das-boot","status":"publish","type":"page","link":"https:\/\/www.schuelersegeln-sh.de\/?page_id=34","title":{"rendered":"team acht Boot"},"content":{"rendered":"<p><strong>Ein Boot f\u00fcr alle F\u00e4lle: Das <em>team acht<\/em> Boot<\/strong><\/p>\n<p>Das Sportzentrum der Christian-Albrechts-Universit\u00e4t zu Kiel (CAU), das Institut der Fachhochschule Kiel (FHK) und Dirk Lindenau entwickelten das Sch\u00fclersegelboot <em>team acht<\/em>.<br \/>\nEs ist speziell f\u00fcr Segelanf\u00e4nger konzipiert und bietet acht Meter Schiff f\u00fcr acht Sch\u00fcler. Das Besondere: Der Segellehrer sitzt im selben Boot.<\/p>\n<p>Das Boot bietet h\u00f6chste Qualit\u00e4t, &#8222;Made in Schleswig-Holstein&#8220;, mit einem Maximum an Sicherheit und Geschwindigkeit!<\/p>\n<p>Die <em>team acht<\/em>: Ein Ausbildungsboot f\u00fcr Segelanf\u00e4nger, Sch\u00fclerinnen und Sch\u00fcler, Schulklassen und Segel-AG\u00b4s!<\/p>\n<p><img loading=\"lazy\" decoding=\"async\" class=\"alignleft size-full wp-image-167\" title=\"team acht\" src=\"http:\/\/www.schuelersegeln-sh.de\/wp-content\/uploads\/2011\/11\/boot.jpg\" alt=\"\" width=\"400\" height=\"437\" srcset=\"https:\/\/www.schuelersegeln-sh.de\/wp-content\/uploads\/2011\/11\/boot.jpg 400w, https:\/\/www.schuelersegeln-sh.de\/wp-content\/uploads\/2011\/11\/boot-274x300.jpg 274w\" sizes=\"auto, (max-width: 400px) 100vw, 400px\" \/><\/p>\n<p>&nbsp;<\/p>\n<p>&nbsp;<\/p>\n<p>&nbsp;<\/p>\n","protected":false},"excerpt":{"rendered":"<p>Ein Boot f\u00fcr alle F\u00e4lle: Das team acht Boot Das Sportzentrum der Christian-Albrechts-Universit\u00e4t zu Kiel (CAU), das Institut der Fachhochschule Kiel (FHK) und Dirk Lindenau entwickelten das Sch\u00fclersegelboot team acht. Es ist speziell f\u00fcr Segelanf\u00e4nger konzipiert und bietet acht Meter Schiff f\u00fcr acht Sch\u00fcler. Das Besondere: Der Segellehrer sitzt im selben Boot. Das Boot bietet h\u00f6chste Qualit\u00e4t, &#8222;Made in Schleswig-Holstein&#8220;, mit einem Maximum an Sicherheit und Geschwindigkeit! Die team acht: Ein Ausbildungsboot f\u00fcr Segelanf\u00e4nger, Sch\u00fclerinnen und Sch\u00fcler, Schulklassen und Segel-AG\u00b4s! &nbsp; &nbsp; &nbsp;<\/p>\n","protected":false},"author":1,"featured_media":0,"parent":0,"menu_order":0,"comment_status":"closed","ping_status":"open","template":"","meta":{"footnotes":""},"class_list":["post-34","page","type-page","status-publish","hentry"],"_links":{"self":[{"href":"https:\/\/www.schuelersegeln-sh.de\/index.php?rest_route=\/wp\/v2\/pages\/34","targetHints":{"allow":["GET"]}}],"collection":[{"href":"https:\/\/www.schuelersegeln-sh.de\/index.php?rest_route=\/wp\/v2\/pages"}],"about":[{"href":"https:\/\/www.schuelersegeln-sh.de\/index.php?rest_route=\/wp\/v2\/types\/page"}],"author":[{"embeddable":true,"href":"https:\/\/www.schuelersegeln-sh.de\/index.php?rest_route=\/wp\/v2\/users\/1"}],"replies":[{"embeddable":true,"href":"https:\/\/www.schuelersegeln-sh.de\/index.php?rest_route=%2Fwp%2Fv2%2Fcomments&post=34"}],"version-history":[{"count":19,"href":"https:\/\/www.schuelersegeln-sh.de\/index.php?rest_route=\/wp\/v2\/pages\/34\/revisions"}],"predecessor-version":[{"id":136,"href":"https:\/\/www.schuelersegeln-sh.de\/index.php?rest_route=\/wp\/v2\/pages\/34\/revisions\/136"}],"wp:attachment":[{"href":"https:\/\/www.schuelersegeln-sh.de\/index.php?rest_route=%2Fwp%2Fv2%2Fmedia&parent=34"}],"curies":[{"name":"wp","href":"https:\/\/api.w.org\/{rel}","templated":true}]}}