{"id":40,"date":"2023-12-05T17:40:44","date_gmt":"2023-12-05T16:40:44","guid":{"rendered":"http:\/\/www.schuelersegeln-sh.de\/?page_id=40"},"modified":"2025-10-23T21:02:22","modified_gmt":"2025-10-23T19:02:22","slug":"stutzpunkte","status":"publish","type":"page","link":"https:\/\/www.schuelersegeln-sh.de\/?page_id=40","title":{"rendered":"St\u00fctzpunkte"},"content":{"rendered":"<p style=\"text-align: left;\"><strong>Unsere St\u00fctzpunkte:<img loading=\"lazy\" decoding=\"async\" class=\"wp-image-1362 size-medium alignright\" src=\"https:\/\/www.schuelersegeln-sh.de\/wp-content\/uploads\/2025\/10\/Karte-2025-300x285.jpg\" alt=\"\" width=\"300\" height=\"285\" srcset=\"https:\/\/www.schuelersegeln-sh.de\/wp-content\/uploads\/2025\/10\/Karte-2025-300x285.jpg 300w, https:\/\/www.schuelersegeln-sh.de\/wp-content\/uploads\/2025\/10\/Karte-2025-768x731.jpg 768w, https:\/\/www.schuelersegeln-sh.de\/wp-content\/uploads\/2025\/10\/Karte-2025.jpg 927w\" sizes=\"auto, (max-width: 300px) 100vw, 300px\" \/><\/strong><\/p>\n<p><a href=\"https:\/\/www.schuelersegeln-sh.de\/?page_id=404\">zum St\u00fctzpunkt Flensburg<\/a><\/p>\n<p><a href=\"http:\/\/www.schuelersegeln-sh.de\/?page_id=477\" target=\"_blank\" rel=\"noopener noreferrer\">zum St\u00fctzpunkt Eckernf\u00f6rde<\/a><\/p>\n<p><a href=\"http:\/\/www.schuelersegeln-sh.de\/?page_id=411\" target=\"_blank\" rel=\"noopener noreferrer\">zum St\u00fctzpunkt Rendsburg<\/a><\/p>\n<p><a href=\"http:\/\/www.schuelersegeln-sh.de\/?page_id=408\" target=\"_blank\" rel=\"noopener noreferrer\">zum St\u00fctzpunkt Kiel<\/a><\/p>\n<p><a href=\"http:\/\/www.schuelersegeln-sh.de\/?page_id=422\" target=\"_blank\" rel=\"noopener noreferrer\">zum St\u00fctzpunkt Timmendorfer Strand<\/a><\/p>\n<p><a href=\"http:\/\/www.schuelersegeln-sh.de\/?page_id=419\" target=\"_blank\" rel=\"noopener noreferrer\">zum St\u00fctzpunkt Wedel<\/a><\/p>\n<p><a href=\"http:\/\/www.schuelersegeln-sh.de\/?page_id=726\">zum St\u00fctzpunkt Neustadt<\/a><\/p>\n<p>zum St\u00fctzpunkt Schleswig<\/p>\n<h2>\u00a0<\/h2>\n<p>\u00a0<\/p>\n<h2>Unsere St\u00fctzpunktschulen und die Ansprechpartner:<\/h2>\n<p><a title=\"zum St\u00fctzpunkt KIel\" href=\"http:\/\/www.schuelersegeln-sh.de\/?page_id=408\" target=\"_blank\" rel=\"noopener noreferrer\"><strong>Kiel<\/strong><\/a><\/p>\n<p><a href=\"http:\/\/www.ravensberg-kiel.de\/segeln\/content\/index.php\">RBZ Wirtschaft. Kiel<\/a>, (St\u00fctzpunktleitung) &gt;\u00a0 Martin Kr\u00e4mer (martinkraemer1@web.de)<\/p>\n<p><a href=\"http:\/\/www.ravensberg-kiel.de\/segeln\/content\/index.php\">K\u00e4the-Kollwitz-Schule <\/a>&gt; Nils Graf<\/p>\n<p><a href=\"http:\/\/www.ravensberg-kiel.de\/segeln\/content\/index.php\">TSV Schilksee <\/a>&gt; Alexander Florinski<\/p>\n<p><a href=\"http:\/\/www.ravensberg-kiel.de\/segeln\/content\/index.php\" target=\"_blank\" rel=\"noopener noreferrer\">Grundschule Strande<\/a> &gt; Julia Horbach<\/p>\n<p><a href=\"http:\/\/www.ravensberg-kiel.de\/segeln\/content\/index.phphttp:\/\/\" target=\"_blank\" rel=\"noopener noreferrer\">Gemeinschaftsschule Friedrichsort <\/a>&gt; Michael Brumm<\/p>\n<p><a href=\"http:\/\/www.ravensberg-kiel.de\/segeln\/content\/index.php\" target=\"_blank\" rel=\"noopener noreferrer\">RBZ 1 Kiel <\/a>&gt; Dirk L\u00fcbbers<\/p>\n<p><a href=\"http:\/\/www.ravensberg-kiel.de\/segeln\/content\/index.php\" target=\"_blank\" rel=\"noopener noreferrer\">Gymnasium Altenholz <\/a>&gt; Stefan Thiele<\/p>\n<p>\u00a0<\/p>\n<p><a title=\"zum St\u00fctzpunkt Rendburg\" href=\"http:\/\/www.schuelersegeln-sh.de\/?page_id=411\" target=\"_blank\" rel=\"noopener noreferrer\"><strong>Rendsburg<\/strong><\/a><\/p>\n<p>Manfred Roers (St\u00fctzpunktleitung)<\/p>\n<p><a href=\"http:\/\/www.bsrd.eu\/\" target=\"_blank\" rel=\"noopener noreferrer\">BBZ am NOK<\/a> &gt; Wolfgang Biel<\/p>\n<p><a href=\"http:\/\/www.waldorfschule-rendsburg.de\/\" target=\"_blank\" rel=\"noopener noreferrer\">Freie Waldorfschule Rendsburg<\/a> &gt; Manfred Roers<\/p>\n<p><a href=\"http:\/\/www.schule-altstadt.de\/\" target=\"_blank\" rel=\"noopener noreferrer\">Schule Altstadt<\/a> &gt; Ulrich Kaminski<\/p>\n<p><a href=\"http:\/\/kronwerk.lernnetz.de \">Kronwerk Gymnasium<\/a> &gt; Florian Kaesshoefer<\/p>\n<p>\u00a0<\/p>\n<p><a href=\"http:\/\/www.schuelersegeln-sh.de\/?page_id=477\"><strong>Eckernf\u00f6rde<\/strong><\/a><\/p>\n<p><a href=\"https:\/\/www.ggs-eckernfoerde.de\/\">Grund &amp; Gemeinschaftsschule<\/a> &gt; Dirk L\u00fctke-Besselmann<\/p>\n<p>\u00a0<\/p>\n<p><a title=\"zum St\u00fctzpunkz Timmendorfer Strand\" href=\"http:\/\/www.schuelersegeln-sh.de\/?page_id=422\" target=\"_blank\" rel=\"noopener noreferrer\"><strong>Timmendorfer Strand \/ Niendorf<\/strong><\/a><\/p>\n<p><a href=\"http:\/\/www.ostsee-gymnasium.de\/WebNeu19908\/\" target=\"_blank\" rel=\"noopener noreferrer\">Ostsee-Gymnasium Timmendorfer Strand<\/a> &gt; Britta Schulze, Lisa Weisbarth<\/p>\n<p><a href=\"http:\/\/ggs-strand.de\/\">Grund- und Gemeinschaftsschule Strand<\/a> &gt; Karina Westphalen<\/p>\n<p>\u00a0<\/p>\n<p><a title=\"zum St\u00fctzpunkt Flensburg\" href=\"http:\/\/www.schuelersegeln-sh.de\/?page_id=404%20\" target=\"_blank\" rel=\"noopener noreferrer\"><strong>Flensburg<\/strong><\/a><\/p>\n<p>Ansprechpartner St\u00fctzpunkt: Ulf Neubert<strong><br \/><\/strong><\/p>\n<p><a href=\"http:\/\/www.auguste-viktoria-schule.de\/\" target=\"_blank\" rel=\"noopener noreferrer\">Auguste-Viktoria-Schule<\/a> &gt; Peter Jahrs<\/p>\n<p><a href=\"http:\/\/www.foerdegymnasium.de\/\" target=\"_blank\" rel=\"noopener noreferrer\">F\u00f6rdegymnasium<\/a> &gt; Ulf Neubert<\/p>\n<p><a href=\"http:\/\/www.kts-flensburg.de\/\" target=\"_blank\" rel=\"noopener noreferrer\">Kurt-Tucholsky-Schule<\/a> &gt;\u00a0 Fabian Kirchhoff<\/p>\n<p><a href=\"http:\/\/www.hla.flensburg.de\/\" target=\"_blank\" rel=\"noopener noreferrer\">St\u00e4dtische Handelslehreranstalt<\/a> &gt; Fin Hollesen<\/p>\n<p><a href=\"http:\/\/www.eckener-schule.de\/\" target=\"_blank\" rel=\"noopener noreferrer\">Eckener Schule <\/a><strong>&gt;\u00a0<\/strong>Levke Schacht<\/p>\n<p><strong>\u00a0<\/strong><\/p>\n<p><a title=\"zum St\u00fctzpunkt Wedel\" href=\"http:\/\/www.schuelersegeln-sh.de\/?page_id=419\" target=\"_blank\" rel=\"noopener noreferrer\"><strong>Wedel<\/strong><\/a><\/p>\n<p><a href=\"http:\/\/www.ghswedel.de\/index2.htm\">Gebr\u00fcder-Humboldt-Schule Wedel<\/a> &gt; Thomas Wellbrock<\/p>\n<p>\u00a0<\/p>\n<p><strong>Neustadt<\/strong><\/p>\n<p>Ralf Siebrecht \/ Ingo H\u00e4ndel<\/p>\n<p>\u00a0<\/p>\n<p><strong>Schleswig<\/strong><\/p>\n<p>Jan Christian Baykowski<\/p>\n<h3 style=\"text-align: left;\"><strong>\u00a0<\/strong><\/h3>\n\n\n<p><\/p>\n","protected":false},"excerpt":{"rendered":"<p>Unsere St\u00fctzpunkte: zum St\u00fctzpunkt Flensburg zum St\u00fctzpunkt Eckernf\u00f6rde zum St\u00fctzpunkt Rendsburg zum St\u00fctzpunkt Kiel zum St\u00fctzpunkt Timmendorfer Strand zum St\u00fctzpunkt Wedel zum St\u00fctzpunkt Neustadt zum St\u00fctzpunkt Schleswig \u00a0 \u00a0 Unsere St\u00fctzpunktschulen und die Ansprechpartner: Kiel RBZ Wirtschaft. Kiel, (St\u00fctzpunktleitung) &gt;\u00a0 Martin Kr\u00e4mer (martinkraemer1@web.de) K\u00e4the-Kollwitz-Schule &gt; Nils Graf TSV Schilksee &gt; Alexander Florinski Grundschule Strande &gt; Julia Horbach Gemeinschaftsschule Friedrichsort &gt; Michael Brumm RBZ 1 Kiel &gt; Dirk L\u00fcbbers Gymnasium Altenholz &gt; Stefan Thiele \u00a0 Rendsburg Manfred Roers (St\u00fctzpunktleitung) BBZ am NOK &gt; Wolfgang Biel Freie Waldorfschule Rendsburg &gt; Manfred Roers Schule Altstadt &gt; Ulrich Kaminski Kronwerk Gymnasium &gt; Florian Kaesshoefer \u00a0 Eckernf\u00f6rde Grund &amp; Gemeinschaftsschule &gt; Dirk L\u00fctke-Besselmann \u00a0 Timmendorfer Strand \/ Niendorf Ostsee-Gymnasium Timmendorfer Strand &gt; Britta Schulze, Lisa Weisbarth Grund- und Gemeinschaftsschule Strand &gt; Karina Westphalen \u00a0 Flensburg Ansprechpartner St\u00fctzpunkt: Ulf Neubert Auguste-Viktoria-Schule &gt; Peter Jahrs F\u00f6rdegymnasium &gt; Ulf Neubert Kurt-Tucholsky-Schule &gt;\u00a0 Fabian Kirchhoff St\u00e4dtische Handelslehreranstalt &gt; Fin Hollesen Eckener Schule &gt;\u00a0Levke Schacht \u00a0 Wedel Gebr\u00fcder-Humboldt-Schule Wedel &gt; Thomas Wellbrock \u00a0 Neustadt Ralf Siebrecht \/ Ingo H\u00e4ndel \u00a0 Schleswig Jan Christian Baykowski \u00a0<\/p>\n","protected":false},"author":1,"featured_media":0,"parent":0,"menu_order":0,"comment_status":"closed","ping_status":"open","template":"","meta":{"footnotes":""},"class_list":["post-40","page","type-page","status-publish","hentry"],"_links":{"self":[{"href":"https:\/\/www.schuelersegeln-sh.de\/index.php?rest_route=\/wp\/v2\/pages\/40","targetHints":{"allow":["GET"]}}],"collection":[{"href":"https:\/\/www.schuelersegeln-sh.de\/index.php?rest_route=\/wp\/v2\/pages"}],"about":[{"href":"https:\/\/www.schuelersegeln-sh.de\/index.php?rest_route=\/wp\/v2\/types\/page"}],"author":[{"embeddable":true,"href":"https:\/\/www.schuelersegeln-sh.de\/index.php?rest_route=\/wp\/v2\/users\/1"}],"replies":[{"embeddable":true,"href":"https:\/\/www.schuelersegeln-sh.de\/index.php?rest_route=%2Fwp%2Fv2%2Fcomments&post=40"}],"version-history":[{"count":81,"href":"https:\/\/www.schuelersegeln-sh.de\/index.php?rest_route=\/wp\/v2\/pages\/40\/revisions"}],"predecessor-version":[{"id":1364,"href":"https:\/\/www.schuelersegeln-sh.de\/index.php?rest_route=\/wp\/v2\/pages\/40\/revisions\/1364"}],"wp:attachment":[{"href":"https:\/\/www.schuelersegeln-sh.de\/index.php?rest_route=%2Fwp%2Fv2%2Fmedia&parent=40"}],"curies":[{"name":"wp","href":"https:\/\/api.w.org\/{rel}","templated":true}]}}