{"id":404,"date":"2024-01-19T19:12:28","date_gmt":"2024-01-19T18:12:28","guid":{"rendered":"http:\/\/www.schuelersegeln-sh.de\/?page_id=404"},"modified":"2024-03-12T10:46:53","modified_gmt":"2024-03-12T09:46:53","slug":"stuetzpunkt-flensburg","status":"publish","type":"page","link":"https:\/\/www.schuelersegeln-sh.de\/?page_id=404","title":{"rendered":"St\u00fctzpunkt Flensburg"},"content":{"rendered":"\n<p>Bereits seit 2008 liegt ein Boot der <em>team acht<\/em>-Flotte in Flensburg. Mit Unterst\u00fctzung der&nbsp;Seglervereinigung Flensburg&nbsp;und unter ihrem Stander legt es vom Hafen Fahrensodde aus fast t\u00e4glich zu T\u00f6rns mit Sch\u00fclerinnen und Sch\u00fclern in der Innenf\u00f6rde ab. Auch auf Regatten und mit einer Crew der Jugendabteilung der SVF wird das Boot ab und an gesehen. So ist das Boot mit dem markanten Logo auf der Flensburger F\u00f6rde mittlerweile bekannt wie ein bunter Hund.<\/p>\n\n\n\n<p>Aktuell nutzen sechs Schulen w\u00f6chentlich das Boot, von Grundschule, \u00fcber Gemeinschaftsschule und Gymnasien zu Berufsbildungszentren sind fast alle Schulformen vertreten. So kommen Jahr um Jahr \u00fcber 100 Flensburger Sch\u00fclerinnen und Sch\u00fcler in Kontakt mit dem Meer, lernen die Faszination Segeln und die Kraft der Elemente kennen, erleben Abenteuer und \u00fcben Gemeinschaft und Teambuilding an Bord, sch\u00e4rfen Sinne und Konzentration im Spiel mit Wind und Wellen, schulen ihre Wahrnehmung, st\u00e4rken ihr Selbstvertrauen und&nbsp;beginnen sich f\u00fcr den Schutz des Meeres zu engagieren.<\/p>\n\n\n\n<figure class=\"wp-block-image size-large\"><img loading=\"lazy\" decoding=\"async\" width=\"1024\" height=\"768\" src=\"https:\/\/www.schuelersegeln-sh.de\/wp-content\/uploads\/2024\/01\/010-1024x768.jpg\" alt=\"\" class=\"wp-image-1248\" srcset=\"https:\/\/www.schuelersegeln-sh.de\/wp-content\/uploads\/2024\/01\/010-1024x768.jpg 1024w, https:\/\/www.schuelersegeln-sh.de\/wp-content\/uploads\/2024\/01\/010-300x225.jpg 300w, https:\/\/www.schuelersegeln-sh.de\/wp-content\/uploads\/2024\/01\/010-768x576.jpg 768w, https:\/\/www.schuelersegeln-sh.de\/wp-content\/uploads\/2024\/01\/010-1536x1152.jpg 1536w, https:\/\/www.schuelersegeln-sh.de\/wp-content\/uploads\/2024\/01\/010-2048x1536.jpg 2048w\" sizes=\"auto, (max-width: 1024px) 100vw, 1024px\" \/><\/figure>\n\n\n\n<figure class=\"wp-block-image size-large\"><img loading=\"lazy\" decoding=\"async\" width=\"768\" height=\"1024\" src=\"https:\/\/www.schuelersegeln-sh.de\/wp-content\/uploads\/2024\/01\/DSC00015-768x1024.jpg\" alt=\"\" class=\"wp-image-1250\" srcset=\"https:\/\/www.schuelersegeln-sh.de\/wp-content\/uploads\/2024\/01\/DSC00015-768x1024.jpg 768w, https:\/\/www.schuelersegeln-sh.de\/wp-content\/uploads\/2024\/01\/DSC00015-225x300.jpg 225w, https:\/\/www.schuelersegeln-sh.de\/wp-content\/uploads\/2024\/01\/DSC00015-1152x1536.jpg 1152w, https:\/\/www.schuelersegeln-sh.de\/wp-content\/uploads\/2024\/01\/DSC00015-1536x2048.jpg 1536w, https:\/\/www.schuelersegeln-sh.de\/wp-content\/uploads\/2024\/01\/DSC00015-scaled.jpg 1920w\" sizes=\"auto, (max-width: 768px) 100vw, 768px\" \/><\/figure>\n\n\n\n<p>Kontakt zum St\u00fctzpunkt Flensburg: Ulf Neubert, <a href=\"mailto:schuelersegeln-sh@posteo.de\">schuelersegeln-sh@posteo.de<\/a><\/p>\n","protected":false},"excerpt":{"rendered":"<p>Bereits seit 2008 liegt ein Boot der team acht-Flotte in Flensburg. Mit Unterst\u00fctzung der&nbsp;Seglervereinigung Flensburg&nbsp;und unter ihrem Stander legt es vom Hafen Fahrensodde aus fast t\u00e4glich zu T\u00f6rns mit Sch\u00fclerinnen und Sch\u00fclern in der Innenf\u00f6rde ab. Auch auf Regatten und mit einer Crew der Jugendabteilung der SVF wird das Boot ab und an gesehen. So ist das Boot mit dem markanten Logo auf der Flensburger F\u00f6rde mittlerweile bekannt wie ein bunter Hund. Aktuell nutzen sechs Schulen w\u00f6chentlich das Boot, von Grundschule, \u00fcber Gemeinschaftsschule und Gymnasien zu Berufsbildungszentren sind fast alle Schulformen vertreten. So kommen Jahr um Jahr \u00fcber 100 Flensburger Sch\u00fclerinnen und Sch\u00fcler in Kontakt mit dem Meer, lernen die Faszination Segeln und die Kraft der Elemente kennen, erleben Abenteuer und \u00fcben Gemeinschaft und Teambuilding an Bord, sch\u00e4rfen Sinne und Konzentration im Spiel mit Wind und Wellen, schulen ihre Wahrnehmung, st\u00e4rken ihr Selbstvertrauen und&nbsp;beginnen sich f\u00fcr den Schutz des Meeres zu engagieren. Kontakt zum St\u00fctzpunkt Flensburg: Ulf Neubert, schuelersegeln-sh@posteo.de<\/p>\n","protected":false},"author":1,"featured_media":0,"parent":40,"menu_order":0,"comment_status":"closed","ping_status":"closed","template":"","meta":{"footnotes":""},"class_list":["post-404","page","type-page","status-publish","hentry"],"_links":{"self":[{"href":"https:\/\/www.schuelersegeln-sh.de\/index.php?rest_route=\/wp\/v2\/pages\/404","targetHints":{"allow":["GET"]}}],"collection":[{"href":"https:\/\/www.schuelersegeln-sh.de\/index.php?rest_route=\/wp\/v2\/pages"}],"about":[{"href":"https:\/\/www.schuelersegeln-sh.de\/index.php?rest_route=\/wp\/v2\/types\/page"}],"author":[{"embeddable":true,"href":"https:\/\/www.schuelersegeln-sh.de\/index.php?rest_route=\/wp\/v2\/users\/1"}],"replies":[{"embeddable":true,"href":"https:\/\/www.schuelersegeln-sh.de\/index.php?rest_route=%2Fwp%2Fv2%2Fcomments&post=404"}],"version-history":[{"count":5,"href":"https:\/\/www.schuelersegeln-sh.de\/index.php?rest_route=\/wp\/v2\/pages\/404\/revisions"}],"predecessor-version":[{"id":1262,"href":"https:\/\/www.schuelersegeln-sh.de\/index.php?rest_route=\/wp\/v2\/pages\/404\/revisions\/1262"}],"up":[{"embeddable":true,"href":"https:\/\/www.schuelersegeln-sh.de\/index.php?rest_route=\/wp\/v2\/pages\/40"}],"wp:attachment":[{"href":"https:\/\/www.schuelersegeln-sh.de\/index.php?rest_route=%2Fwp%2Fv2%2Fmedia&parent=404"}],"curies":[{"name":"wp","href":"https:\/\/api.w.org\/{rel}","templated":true}]}}