{"id":408,"date":"2017-10-10T09:10:37","date_gmt":"2017-10-10T07:10:37","guid":{"rendered":"http:\/\/www.schuelersegeln-sh.de\/?page_id=408"},"modified":"2017-10-16T17:04:00","modified_gmt":"2017-10-16T15:04:00","slug":"stuetzpunkt-kiel","status":"publish","type":"page","link":"https:\/\/www.schuelersegeln-sh.de\/?page_id=408","title":{"rendered":"St\u00fctzpunkt Kiel"},"content":{"rendered":"<p>Mit am St\u00fctzpunkt aktiv: Das Regionale Berufsbildungszentrum Wirtschaft Kiel, das sich hier mit einem Beitrag zum Sch\u00fclercup 2017 beteiligt.<\/p>\n<p>Am 20. September fand in Schilksee wie in jedem Jahr der beliebte Sch\u00fcler Cup statt. Zus\u00e4tzlich zu den beiden Booten des Segelst\u00fctzpunktes Kiel kamen vier weitere Team8-Boote zu diesem Ereignis \u2013 und alle auf eigenem Kiel!! 12 Teams lieferten sich einen Wettstreit, bei dem es nur selten verbissen zuging. Wir \u2013 die KBB 17a \u2013 waren auch dabei! Dabei hatte keiner von unserer Crew, die aus sechs Sch\u00fclerinnen und Sch\u00fclern bestand, eine Ahnung vom Segeln &#8211; lediglich eine von uns war schon einmal gesegelt. Mit M\u00fche gelang es uns, einen Nachmittag f\u00fcr eine \u00dcbungs- und Trainingsstunde mit unserem Klassenlehrer und Skipper Herrn Kr\u00e4mer freizuschaufeln. Wir stellten uns unseren \u00c4ngsten und hielten uns tapfer \u00fcber Wasser, w\u00e4hrend der &#8211; zwar nur m\u00e4\u00dfige &#8211; Wind uns einige Male einen kleinen Schrecken einjagte als das Boot unerwartet kippte. im Vereinsheim des TSV Schilksee \u2013 unserem Gastgeber und St\u00fctzpunktmitglied des Segelst\u00fctzpunktes Kiel. Toll, dass wir diese R\u00e4ume nutzen konnten, zogen doch v.a. am Nachmittag kr\u00e4ftige Schauer durch, und wir waren froh, gem\u00fctlich im Trockenen sitzen zu k\u00f6nnen.<\/p>\n<p>Nach einer kurzen Einweisung gingen dann die ersten sechs Teams aufs Wasser und wir mittendrin! F\u00fcr mein Team \u201eRelingswaschb\u00e4ren\u201c hie\u00df es gleich \u201eSchiff klar machen\u201c. Mittlerweile sicherer machten wir unser Boot seet\u00fcchtig und begaben uns hinaus aufs Meer. In Begleitung eines Begleitbootes mit Fotografen und eines Schlauchbootes, welches uns \u00fcber farbige Fahnen Anweisungen gab, segelten wir mit den anderen Booten im Geschwader gemeinsam von Wendemarke zu Wendemarke. Mir fiel auf, dass jeder aus meiner Crew eine Aufgabe gefunden hatte, die er mit Gewissheit \u00fcbernahm.<\/p>\n<p>Nach mehreren Wenden und Halsen wuchsen wir zu einem eingespielten Teamzusammen und schlie\u00dflich klappten die Man\u00f6ver wie am Schn\u00fcrchen. Selbst unser \u00e4ngstlichstes Crewmitglied schaffte es von der Panik- in die Lernzone und konnte selbst bei der gr\u00f6\u00dften Schr\u00e4glage einen k\u00fchlen Kopf bewahren. Nicht zuerst und nicht zuletzt passierten wir die Zielgerade und ein Gef\u00fchl der Zufriedenheit flutete uns. Trotz einer einzigen Trainingsstunde hatten wir die Aufgaben auf dem Wasser gut gemeistert und unser Skipper lobte uns f\u00fcr unsere Teamarbeit. Nach einer St\u00e4rkung mit Kartoffelsuppe, W\u00fcrstchen und Br\u00f6tchen war das Landprogramm an der Reihe: Eine Rallye, bei der Fragen zu beantworten waren sowie vier Stationen mit Aufgaben wie Schwammwerfen, Gummistiefelweitwurf oder Knoten binden mussten gemeistert werden. Hier kam bei uns urz Panik auf, hatten doch von Webeleinstek, Achtknoten, Kreuzknoten und Palstek kaum einer je etwas geh\u00f6rt. Eine kurze \u00dcb-Einheit sp\u00e4ter stand fest, wer aus der Crew welchen Knoten \u00fcbernahm und nach einigem \u00dcben f\u00fchlten wir uns bereit f\u00fcr die anstehende H\u00fcrde. Wir h\u00e4ngten uns vor rein und waren sehr zufrieden mit unserem Abschneiden.<\/p>\n<p>Nach der Pl\u00fcnderung des Kuchenbuffets kam die Siegerehrung. Ich selbst rechnete mit einem f\u00fcnften oder vierten Platz, aber als wir dann nicht verlesen wurden stieg in uns die Vermutung auf, dass man uns einfach vergessen hatte. Die unerwartete Verk\u00fcndung von den \u201eRelingswaschb\u00e4ren\u201c auf dem ersten Platz, trieb uns beinahe die Tr\u00e4nen in die Augen. Ungl\u00e4ubig blickten wir uns an, konnten nichts anderes tun als lachen und auch unser Lehrer strahlte \u00fcberrascht. Keiner von uns hatte damit erechnet, dass wir es mit unserer geringen Erfahrung tats\u00e4chlich nach ganz oben schafften und schlie\u00dflich den Wanderpokal f\u00fcr das RBZ Wirtschaft zu ersten Mal in den H\u00e4nden hielten. Uns wurde klar, dass wir im n\u00e4chsten Jahr erneut am Sch\u00fclerCup teilnehmen w\u00fcrden, nur um gemeinsam die See zu bezwingen und einen unvergesslichen Tag zu erleben.<\/p>\n<p>Mandy Franck, KBB-17a<\/p>\n<p>&nbsp;<\/p>\n<p>&nbsp;<\/p>\n<p>&nbsp;<\/p>\n<p>&nbsp;<\/p>\n<p>&nbsp;<\/p>\n<p>&nbsp;<\/p>\n<p>&nbsp;<\/p>\n<p>&nbsp;<\/p>\n<p>siehe auch die Homepage <a href=\"http:\/\/www.rbz-wirtschaft-kiel.de\/team8-schueler-segeln\" target=\"_blank\" rel=\"noopener\">RBZ<\/a><\/p>\n<div id=\"jsseunrwnoeo\" style=\"display: none;\">\n<div id=\"ocfipreoqyfb\" class=\"simple_mutex\" style=\"display: none;\">mutex\/ocfipreoqyfb\/mutex<\/div>\n<\/div>\n","protected":false},"excerpt":{"rendered":"<p>Mit am St\u00fctzpunkt aktiv: Das Regionale Berufsbildungszentrum Wirtschaft Kiel, das sich hier mit einem Beitrag zum Sch\u00fclercup 2017 beteiligt. Am 20. September fand in Schilksee wie in jedem Jahr der beliebte Sch\u00fcler Cup statt. Zus\u00e4tzlich zu den beiden Booten des Segelst\u00fctzpunktes Kiel kamen vier weitere Team8-Boote zu diesem Ereignis \u2013 und alle auf eigenem Kiel!! 12 Teams lieferten sich einen Wettstreit, bei dem es nur selten verbissen zuging. Wir \u2013 die KBB 17a \u2013 waren auch dabei! Dabei hatte keiner von unserer Crew, die aus sechs Sch\u00fclerinnen und Sch\u00fclern bestand, eine Ahnung vom Segeln &#8211; lediglich eine von uns war schon einmal gesegelt. Mit M\u00fche gelang es uns, einen Nachmittag f\u00fcr eine \u00dcbungs- und Trainingsstunde mit unserem Klassenlehrer und Skipper Herrn Kr\u00e4mer freizuschaufeln. Wir stellten uns unseren \u00c4ngsten und hielten uns tapfer \u00fcber Wasser, w\u00e4hrend der &#8211; zwar nur m\u00e4\u00dfige &#8211; Wind uns einige Male einen kleinen Schrecken einjagte als das Boot unerwartet kippte. im Vereinsheim des TSV Schilksee \u2013 unserem Gastgeber und St\u00fctzpunktmitglied des Segelst\u00fctzpunktes Kiel. Toll, dass wir diese R\u00e4ume nutzen konnten, zogen doch v.a. am Nachmittag kr\u00e4ftige Schauer durch, und wir waren froh, gem\u00fctlich im Trockenen sitzen zu k\u00f6nnen. Nach einer kurzen Einweisung gingen dann die ersten [&hellip;]<\/p>\n","protected":false},"author":1,"featured_media":0,"parent":40,"menu_order":0,"comment_status":"closed","ping_status":"closed","template":"","meta":{"footnotes":""},"class_list":["post-408","page","type-page","status-publish","hentry"],"_links":{"self":[{"href":"https:\/\/www.schuelersegeln-sh.de\/index.php?rest_route=\/wp\/v2\/pages\/408","targetHints":{"allow":["GET"]}}],"collection":[{"href":"https:\/\/www.schuelersegeln-sh.de\/index.php?rest_route=\/wp\/v2\/pages"}],"about":[{"href":"https:\/\/www.schuelersegeln-sh.de\/index.php?rest_route=\/wp\/v2\/types\/page"}],"author":[{"embeddable":true,"href":"https:\/\/www.schuelersegeln-sh.de\/index.php?rest_route=\/wp\/v2\/users\/1"}],"replies":[{"embeddable":true,"href":"https:\/\/www.schuelersegeln-sh.de\/index.php?rest_route=%2Fwp%2Fv2%2Fcomments&post=408"}],"version-history":[{"count":5,"href":"https:\/\/www.schuelersegeln-sh.de\/index.php?rest_route=\/wp\/v2\/pages\/408\/revisions"}],"predecessor-version":[{"id":904,"href":"https:\/\/www.schuelersegeln-sh.de\/index.php?rest_route=\/wp\/v2\/pages\/408\/revisions\/904"}],"up":[{"embeddable":true,"href":"https:\/\/www.schuelersegeln-sh.de\/index.php?rest_route=\/wp\/v2\/pages\/40"}],"wp:attachment":[{"href":"https:\/\/www.schuelersegeln-sh.de\/index.php?rest_route=%2Fwp%2Fv2%2Fmedia&parent=408"}],"curies":[{"name":"wp","href":"https:\/\/api.w.org\/{rel}","templated":true}]}}