{"id":43,"date":"2024-07-06T22:42:51","date_gmt":"2024-07-06T20:42:51","guid":{"rendered":"http:\/\/www.schuelersegeln-sh.de\/?page_id=43"},"modified":"2024-07-06T22:42:51","modified_gmt":"2024-07-06T20:42:51","slug":"sponsoring","status":"publish","type":"page","link":"https:\/\/www.schuelersegeln-sh.de\/?page_id=43","title":{"rendered":"Sponsoring"},"content":{"rendered":"\n<div class=\"wp-block-media-text alignwide is-stacked-on-mobile is-vertically-aligned-top\"><figure class=\"wp-block-media-text__media\"><img loading=\"lazy\" decoding=\"async\" width=\"272\" height=\"620\" src=\"https:\/\/www.schuelersegeln-sh.de\/wp-content\/uploads\/2023\/06\/bildrechts2.jpg\" alt=\"\" class=\"wp-image-1208 size-full\" srcset=\"https:\/\/www.schuelersegeln-sh.de\/wp-content\/uploads\/2023\/06\/bildrechts2.jpg 272w, https:\/\/www.schuelersegeln-sh.de\/wp-content\/uploads\/2023\/06\/bildrechts2-132x300.jpg 132w\" sizes=\"auto, (max-width: 272px) 100vw, 272px\" \/><\/figure><div class=\"wp-block-media-text__content\">\n<p><strong>Es lohnt sich &#8211; f\u00fcr unsere Jugend, f\u00fcr Kiel, f\u00fcr das Land.<\/strong><\/p>\n\n\n\n<p>Um eine Jugendentwicklung, eine Segelsport-Entwicklung und eine Wirtschaftsinitiative in Schleswig-Holstein ins Leben zu rufen, brauchen wir Mitstreiter und tatkr\u00e4ftige Unterst\u00fctzung!<br>Unsere Jugend braucht neue Herausforderungen, eine sinnvolle Freizeitbesch\u00e4ftigung und positive Erfahrungen im Umgang mit Mensch und Natur. Das Projekt Sch\u00fcler Segeln Schleswig-Holstein bietet daf\u00fcr ein exzellentes Lern- und Erfahrungsfeld als Schule des Lebens.<\/p>\n\n\n\n<p>Daf\u00fcr brauchen wir IHR Engagement!<\/p>\n\n\n\n<p>Unterst\u00fctzen Sie unser Projekt genauso, wie die zahlreichen Sponsoren, die uns schon tatkr\u00e4ftig ber der Verwirklichung unserer Vereinsziele unterst\u00fctzt haben!<\/p>\n\n\n\n<p>Unsere Sponsoren:<\/p>\n\n\n\n<ul class=\"wp-block-list\">\n<li>Landessportverband<\/li>\n\n\n\n<li>Gl\u00fccksspielmittel, Innenministerium und Wirtschaftsministerium des Landes Schleswig-Holstein<\/li>\n\n\n\n<li>Statdwerke SH<\/li>\n\n\n\n<li>SubCtech GmbH<\/li>\n\n\n\n<li>Druckart Kiel<\/li>\n\n\n\n<li>GEWOBAU NORD<\/li>\n<\/ul>\n<\/div><\/div>\n\n\n\n<p><\/p>\n","protected":false},"excerpt":{"rendered":"","protected":false},"author":1,"featured_media":0,"parent":0,"menu_order":0,"comment_status":"closed","ping_status":"open","template":"","meta":{"footnotes":""},"class_list":["post-43","page","type-page","status-publish","hentry"],"_links":{"self":[{"href":"https:\/\/www.schuelersegeln-sh.de\/index.php?rest_route=\/wp\/v2\/pages\/43","targetHints":{"allow":["GET"]}}],"collection":[{"href":"https:\/\/www.schuelersegeln-sh.de\/index.php?rest_route=\/wp\/v2\/pages"}],"about":[{"href":"https:\/\/www.schuelersegeln-sh.de\/index.php?rest_route=\/wp\/v2\/types\/page"}],"author":[{"embeddable":true,"href":"https:\/\/www.schuelersegeln-sh.de\/index.php?rest_route=\/wp\/v2\/users\/1"}],"replies":[{"embeddable":true,"href":"https:\/\/www.schuelersegeln-sh.de\/index.php?rest_route=%2Fwp%2Fv2%2Fcomments&post=43"}],"version-history":[{"count":30,"href":"https:\/\/www.schuelersegeln-sh.de\/index.php?rest_route=\/wp\/v2\/pages\/43\/revisions"}],"predecessor-version":[{"id":1276,"href":"https:\/\/www.schuelersegeln-sh.de\/index.php?rest_route=\/wp\/v2\/pages\/43\/revisions\/1276"}],"wp:attachment":[{"href":"https:\/\/www.schuelersegeln-sh.de\/index.php?rest_route=%2Fwp%2Fv2%2Fmedia&parent=43"}],"curies":[{"name":"wp","href":"https:\/\/api.w.org\/{rel}","templated":true}]}}