{"id":477,"date":"2015-01-29T16:53:42","date_gmt":"2015-01-29T16:53:42","guid":{"rendered":"http:\/\/www.schuelersegeln-sh.de\/?page_id=477"},"modified":"2017-03-19T14:19:42","modified_gmt":"2017-03-19T13:19:42","slug":"stuetzpunkt-eckernfoerde-2","status":"publish","type":"page","link":"https:\/\/www.schuelersegeln-sh.de\/?page_id=477","title":{"rendered":"St\u00fctzpunkt Eckernf\u00f6rde"},"content":{"rendered":"<div id=\"attachment_486\" style=\"width: 367px\" class=\"wp-caption alignright\"><a href=\"http:\/\/www.schuelersegeln-sh.de\/wp-content\/uploads\/2015\/01\/140922_D300__DSG1556.jpg\"><img loading=\"lazy\" decoding=\"async\" aria-describedby=\"caption-attachment-486\" class=\"wp-image-486\" src=\"http:\/\/www.schuelersegeln-sh.de\/wp-content\/uploads\/2015\/01\/140922_D300__DSG1556-300x199.jpg\" alt=\"Grund- und Gemeinschaftsschule \" width=\"357\" height=\"237\" srcset=\"https:\/\/www.schuelersegeln-sh.de\/wp-content\/uploads\/2015\/01\/140922_D300__DSG1556-300x199.jpg 300w, https:\/\/www.schuelersegeln-sh.de\/wp-content\/uploads\/2015\/01\/140922_D300__DSG1556.jpg 1000w\" sizes=\"auto, (max-width: 357px) 100vw, 357px\" \/><\/a><p id=\"caption-attachment-486\" class=\"wp-caption-text\">Grund- und Gemeinschaftsschule<\/p><\/div>\n<p>Seit Mai 2012 geh\u00f6rt der St\u00fctzpunkt Eckernf\u00f6rde mit Boot &#8222;Murmel&#8220; zur Gemeinschaft &#8222;Sch\u00fcler Segeln Schleswig Holstein&#8220;. Mit dem Ziel, den Segelsport auch in Eckernf\u00f6rder Schulen zur Selbstverst\u00e4ndlichkeit werden zu lassen, hat mit Unterst\u00fctzung des Segelclub Eckernf\u00f6rde das achte Boot einer geplanten 12er Serie im SCE seinen Heimathafen gefunden.<\/p>\n<p>An dieser Stelle gibt es Berichte von unseren Aktivit\u00e4ten. Einen ersten Eindruck\u00a0 dazu auf dem <a href=\"http:\/\/www.jugend.segelclub-eckernfoerde.de\/team8.html\" target=\"_blank\">Team acht Portal<\/a> der\u00a0 SCE Jugendseite.<\/p>\n","protected":false},"excerpt":{"rendered":"<p>Seit Mai 2012 geh\u00f6rt der St\u00fctzpunkt Eckernf\u00f6rde mit Boot &#8222;Murmel&#8220; zur Gemeinschaft &#8222;Sch\u00fcler Segeln Schleswig Holstein&#8220;. Mit dem Ziel, den Segelsport auch in Eckernf\u00f6rder Schulen zur Selbstverst\u00e4ndlichkeit werden zu lassen, hat mit Unterst\u00fctzung des Segelclub Eckernf\u00f6rde das achte Boot einer geplanten 12er Serie im SCE seinen Heimathafen gefunden. An dieser Stelle gibt es Berichte von unseren Aktivit\u00e4ten. Einen ersten Eindruck\u00a0 dazu auf dem Team acht Portal der\u00a0 SCE Jugendseite.<\/p>\n","protected":false},"author":1,"featured_media":0,"parent":40,"menu_order":0,"comment_status":"closed","ping_status":"closed","template":"","meta":{"footnotes":""},"class_list":["post-477","page","type-page","status-publish","hentry"],"_links":{"self":[{"href":"https:\/\/www.schuelersegeln-sh.de\/index.php?rest_route=\/wp\/v2\/pages\/477","targetHints":{"allow":["GET"]}}],"collection":[{"href":"https:\/\/www.schuelersegeln-sh.de\/index.php?rest_route=\/wp\/v2\/pages"}],"about":[{"href":"https:\/\/www.schuelersegeln-sh.de\/index.php?rest_route=\/wp\/v2\/types\/page"}],"author":[{"embeddable":true,"href":"https:\/\/www.schuelersegeln-sh.de\/index.php?rest_route=\/wp\/v2\/users\/1"}],"replies":[{"embeddable":true,"href":"https:\/\/www.schuelersegeln-sh.de\/index.php?rest_route=%2Fwp%2Fv2%2Fcomments&post=477"}],"version-history":[{"count":10,"href":"https:\/\/www.schuelersegeln-sh.de\/index.php?rest_route=\/wp\/v2\/pages\/477\/revisions"}],"predecessor-version":[{"id":592,"href":"https:\/\/www.schuelersegeln-sh.de\/index.php?rest_route=\/wp\/v2\/pages\/477\/revisions\/592"}],"up":[{"embeddable":true,"href":"https:\/\/www.schuelersegeln-sh.de\/index.php?rest_route=\/wp\/v2\/pages\/40"}],"wp:attachment":[{"href":"https:\/\/www.schuelersegeln-sh.de\/index.php?rest_route=%2Fwp%2Fv2%2Fmedia&parent=477"}],"curies":[{"name":"wp","href":"https:\/\/api.w.org\/{rel}","templated":true}]}}