{"id":726,"date":"2017-03-21T23:57:18","date_gmt":"2017-03-21T22:57:18","guid":{"rendered":"http:\/\/www.schuelersegeln-sh.de\/?page_id=726"},"modified":"2019-12-06T13:44:40","modified_gmt":"2019-12-06T12:44:40","slug":"stuetzpunkt-neustadt","status":"publish","type":"page","link":"https:\/\/www.schuelersegeln-sh.de\/?page_id=726","title":{"rendered":"St\u00fctzpunkt Neustadt"},"content":{"rendered":"<p>Unser St\u00fctzpunkt<\/p>\n<p><img loading=\"lazy\" decoding=\"async\" class=\"alignleft wp-image-1034 size-medium\" src=\"https:\/\/www.schuelersegeln-sh.de\/wp-content\/uploads\/2019\/12\/T8-neu-2-300x201.jpg\" alt=\"\" width=\"300\" height=\"201\" srcset=\"https:\/\/www.schuelersegeln-sh.de\/wp-content\/uploads\/2019\/12\/T8-neu-2-300x201.jpg 300w, https:\/\/www.schuelersegeln-sh.de\/wp-content\/uploads\/2019\/12\/T8-neu-2-768x514.jpg 768w, https:\/\/www.schuelersegeln-sh.de\/wp-content\/uploads\/2019\/12\/T8-neu-2.jpg 1000w\" sizes=\"auto, (max-width: 300px) 100vw, 300px\" \/>Der Verein Sch\u00fclersegeln S-H e.V. stellte zum Fr\u00fchjahr 2016 den Neust\u00e4dter Schulen zur Errichtung eines St\u00fctzpunktes ein Team 8 Boot zur Verf\u00fcgung.<\/p>\n<p>War f\u00fcr die erste Saison noch die Zukunft-Meer nur \u201egeliehen\u201c, steht seit der Saison 2017 das auf den Namen Neugier getaufte Boot bereit.<\/p>\n<p>Federf\u00fchrend in der Planung und Durchf\u00fchrung im St\u00fctzpunkt f\u00fcr Neustadt sind zurzeit das K\u00fcstengymnasium und die Jakob-Lienau-Schule. Um den Beteiligten eine ad\u00e4quate Einflussnahme zu sichern, gibt es ein St\u00fctzpunktleitungsteam aus beiden Schulen. Damit sind am KGN und an der JLS jeweils Ansprechpartner vor Ort.<\/p>\n<p>Der Neust\u00e4dter-Segel-Verein hat dem Team 8 einen Liegeplatz im Rundhafen gesichert und kann das Boot nach R\u00fccksprache zwischen dem Jugendwart und den St\u00fctzpunktleitern nutzen. Regelm\u00e4\u00dfig nimmt das Jugendteam an den Mittwochsregatten des NSV\u2019s teil und hat dort schon mit sehr guten Platzierungen f\u00fcr Aufsehen gesorgt.<\/p>\n<p>Zus\u00e4tzlich wird der St\u00fctzpunkt von der &#8222;ancora marina&#8220; unterst\u00fctzt, die nicht nur einen Winter-Hallenplatz zur Verf\u00fcgung stellt, sondern auch das Kranen kostenfrei \u00fcbernimmt.<\/p>\n<p>Weitere Unterst\u00fctzung erf\u00e4hrt der St\u00fctzpunkt direkt durch die Stadt Neustadt, die sich finanziell an den Wartungs- und Reparaturkosten beteiligt.<\/p>\n<p>KGN und JLS haben eine gemeinsame Segelgruppe aufgebaut. Die Zusammenarbeit garantiert eine ausreichende Zahl an qualifizierten Lehrern, sowie gen\u00fcgend interessierten Sch\u00fclern, die zu den vorgegebenen Segelzeiten zu einem Segelteam zusammenwachsen k\u00f6nnen. Des Weiteren wird das Team 8 Bootes bei geeigneten Themen zur Erg\u00e4nzung des Fachunterrichts herangezogen.<\/p>\n<div id=\"attachment_1037\" style=\"width: 1010px\" class=\"wp-caption aligncenter\"><img loading=\"lazy\" decoding=\"async\" aria-describedby=\"caption-attachment-1037\" class=\"wp-image-1037 size-full\" src=\"https:\/\/www.schuelersegeln-sh.de\/wp-content\/uploads\/2019\/12\/Team-8-Auskranen.jpg\" alt=\"\" width=\"1000\" height=\"563\" srcset=\"https:\/\/www.schuelersegeln-sh.de\/wp-content\/uploads\/2019\/12\/Team-8-Auskranen.jpg 1000w, https:\/\/www.schuelersegeln-sh.de\/wp-content\/uploads\/2019\/12\/Team-8-Auskranen-300x169.jpg 300w, https:\/\/www.schuelersegeln-sh.de\/wp-content\/uploads\/2019\/12\/Team-8-Auskranen-768x432.jpg 768w\" sizes=\"auto, (max-width: 1000px) 100vw, 1000px\" \/><p id=\"caption-attachment-1037\" class=\"wp-caption-text\">Saisonende &#8211; Auskranen im Herbst<\/p><\/div>\n","protected":false},"excerpt":{"rendered":"<p>Unser St\u00fctzpunkt Der Verein Sch\u00fclersegeln S-H e.V. stellte zum Fr\u00fchjahr 2016 den Neust\u00e4dter Schulen zur Errichtung eines St\u00fctzpunktes ein Team 8 Boot zur Verf\u00fcgung. War f\u00fcr die erste Saison noch die Zukunft-Meer nur \u201egeliehen\u201c, steht seit der Saison 2017 das auf den Namen Neugier getaufte Boot bereit. Federf\u00fchrend in der Planung und Durchf\u00fchrung im St\u00fctzpunkt f\u00fcr Neustadt sind zurzeit das K\u00fcstengymnasium und die Jakob-Lienau-Schule. Um den Beteiligten eine ad\u00e4quate Einflussnahme zu sichern, gibt es ein St\u00fctzpunktleitungsteam aus beiden Schulen. Damit sind am KGN und an der JLS jeweils Ansprechpartner vor Ort. Der Neust\u00e4dter-Segel-Verein hat dem Team 8 einen Liegeplatz im Rundhafen gesichert und kann das Boot nach R\u00fccksprache zwischen dem Jugendwart und den St\u00fctzpunktleitern nutzen. Regelm\u00e4\u00dfig nimmt das Jugendteam an den Mittwochsregatten des NSV\u2019s teil und hat dort schon mit sehr guten Platzierungen f\u00fcr Aufsehen gesorgt. Zus\u00e4tzlich wird der St\u00fctzpunkt von der &#8222;ancora marina&#8220; unterst\u00fctzt, die nicht nur einen Winter-Hallenplatz zur Verf\u00fcgung stellt, sondern auch das Kranen kostenfrei \u00fcbernimmt. Weitere Unterst\u00fctzung erf\u00e4hrt der St\u00fctzpunkt direkt durch die Stadt Neustadt, die sich finanziell an den Wartungs- und Reparaturkosten beteiligt. KGN und JLS haben eine gemeinsame Segelgruppe aufgebaut. Die Zusammenarbeit garantiert eine ausreichende Zahl an qualifizierten Lehrern, sowie gen\u00fcgend interessierten Sch\u00fclern, die [&hellip;]<\/p>\n","protected":false},"author":5,"featured_media":0,"parent":40,"menu_order":0,"comment_status":"closed","ping_status":"closed","template":"","meta":{"footnotes":""},"class_list":["post-726","page","type-page","status-publish","hentry"],"_links":{"self":[{"href":"https:\/\/www.schuelersegeln-sh.de\/index.php?rest_route=\/wp\/v2\/pages\/726","targetHints":{"allow":["GET"]}}],"collection":[{"href":"https:\/\/www.schuelersegeln-sh.de\/index.php?rest_route=\/wp\/v2\/pages"}],"about":[{"href":"https:\/\/www.schuelersegeln-sh.de\/index.php?rest_route=\/wp\/v2\/types\/page"}],"author":[{"embeddable":true,"href":"https:\/\/www.schuelersegeln-sh.de\/index.php?rest_route=\/wp\/v2\/users\/5"}],"replies":[{"embeddable":true,"href":"https:\/\/www.schuelersegeln-sh.de\/index.php?rest_route=%2Fwp%2Fv2%2Fcomments&post=726"}],"version-history":[{"count":6,"href":"https:\/\/www.schuelersegeln-sh.de\/index.php?rest_route=\/wp\/v2\/pages\/726\/revisions"}],"predecessor-version":[{"id":1040,"href":"https:\/\/www.schuelersegeln-sh.de\/index.php?rest_route=\/wp\/v2\/pages\/726\/revisions\/1040"}],"up":[{"embeddable":true,"href":"https:\/\/www.schuelersegeln-sh.de\/index.php?rest_route=\/wp\/v2\/pages\/40"}],"wp:attachment":[{"href":"https:\/\/www.schuelersegeln-sh.de\/index.php?rest_route=%2Fwp%2Fv2%2Fmedia&parent=726"}],"curies":[{"name":"wp","href":"https:\/\/api.w.org\/{rel}","templated":true}]}}