{"id":933,"date":"2018-05-28T12:10:18","date_gmt":"2018-05-28T10:10:18","guid":{"rendered":"http:\/\/www.schuelersegeln-sh.de\/?page_id=933"},"modified":"2018-05-28T12:10:18","modified_gmt":"2018-05-28T10:10:18","slug":"datenschutzerklaerung","status":"publish","type":"page","link":"https:\/\/www.schuelersegeln-sh.de\/?page_id=933","title":{"rendered":"Datenschutzerkl\u00e4rung"},"content":{"rendered":"<h3>\u00a7 1 Allgemeines<\/h3>\n<p>Diese Website nutzt aus Sicherheitsgr\u00fcnden und zum Schutz der \u00dcbertragung personenbezogener Daten und anderer vertraulicher Inhalte (z.B. Beitr\u00e4ge oder Kommentare) eine SSL-bzw. TLS-Verschl\u00fcsselung. Sie k\u00f6nnen eine verschl\u00fcsselte Verbindung an der Zeichenfolge \u201ehttps:\/\/\u201c und dem Schloss-Symbol in Ihrer Browseradresszeile erkennen.<\/p>\n<p>Ihre personenbezogenen Daten (z. B. Anrede, Name, Anschrift, E-Mail-Adresse, ip Adresse ) werden von uns nur gem\u00e4\u00df den Bestimmungen des deutschen Datenschutzrechts und des Datenschutzrechts der Europ\u00e4ischen Union (EU) verarbeitet. Die nachfolgenden Vorschriften informieren Sie \u00fcber Art, Umfang und Zweck der Erhebung, Verarbeitung und Nutzung personenbezogener Daten. Diese Datenschutzerkl\u00e4rung bezieht sich nur auf unsere Webseiten. Falls Sie \u00fcber Links auf unseren Seiten auf andere Seiten weitergeleitet werden, informieren Sie sich bitte dort \u00fcber den jeweiligen Umgang mit Ihren Daten.<\/p>\n<h3>\u00a7 3 Kommentare<\/h3>\n<p class=\"paragraph\"><strong>(1) Verarbeitungszweck<\/strong><\/p>\n<p class=\"paragraph\">Es besteht die M\u00f6glichkeit einen Kommentar zu verfassen. Ihre Daten (z.B. Name\/Pseudonym, E-Mail-Adresse, Website) werden dann nur f\u00fcr den Zweck der Ver\u00f6ffentlichung Ihres Kommentars verarbeitet.<\/p>\n<p class=\"paragraph\"><strong>(2) Rechtsgrundlage<\/strong><\/p>\n<p class=\"paragraph\">Rechtsgrundlage f\u00fcr diese Verarbeitung ist Art. 6 Abs. 1 f) DSGVO.<\/p>\n<p class=\"paragraph\"><strong>(3) Berechtigtes Interesse<\/strong><\/p>\n<p class=\"paragraph\">Unser berechtigtes Interesse ist der \u00f6ffentliche Austausch von Nutzermeinungen zu bestimmten Themen und Produkten. Die Ver\u00f6ffentlichung dient u.a. der Transparenz und Meinungsbildung. Ihr Interesse am Datenschutz bleibt gewahrt, da Sie Ihren Kommentar unter einem Pseudonym ver\u00f6ffentlichen k\u00f6nnen.<\/p>\n<p class=\"paragraph\"><strong>(4) Speicherdauer<\/strong><\/p>\n<p class=\"paragraph\">Eine bestimmte Speicherdauer ist nicht vorgesehen. Sie k\u00f6nnen jederzeit die L\u00f6schung Ihres Kommentars verlangen.<\/p>\n<h3>\u00a7 4 Webanalyse mit Google Analytics<\/h3>\n<p><strong>(1) Verarbeitungszweck<\/strong><\/p>\n<p>Diese Website benutzt Google Analytics, einen Webanalysedienst der Google LLC, 1600 Amphitheatre Parkway, Mountain View, CA 94043, USA. (&#8222;Google&#8220;). Google Analytics verwendet sog. &#8222;Cookies&#8220;, Textdateien, die auf Ihrem Computer gespeichert werden und die eine Analyse der Benutzung der Website durch Sie erm\u00f6glichen. Die durch den Cookie erzeugten Informationen \u00fcber Ihre Benutzung dieser Website werden in der Regel an einen Server von Google in den USA \u00fcbertragen und dort gespeichert. Im Falle der Aktivierung der IP-Anonymisierung auf dieser Website, wird Ihre IP-Adresse von Google jedoch innerhalb von Mitgliedstaaten der Europ\u00e4ischen Union oder in anderen Vertragsstaaten des Abkommens \u00fcber den Europ\u00e4ischen Wirtschaftsraum zuvor gek\u00fcrzt. Nur in Ausnahmef\u00e4llen wird die volle IP-Adresse an einen Server von Google in den USA \u00fcbertragen und dort gek\u00fcrzt. Im Auftrag des Betreibers dieser Website wird Google diese Informationen benutzen, um Ihre Nutzung der Website auszuwerten, um Reports \u00fcber die Websiteaktivit\u00e4ten zusammenzustellen und um weitere mit der Websitenutzung und der Internetnutzung verbundene Dienstleistungen gegen\u00fcber dem Websitebetreiber zu erbringen.<\/p>\n<p><strong>(2) Rechtsgrundlage<\/strong><\/p>\n<p>Rechtsgrundlage f\u00fcr diese Verarbeitung ist Art. 6 Abs.1 f) DSGVO.<\/p>\n<p><strong>(3) Berechtigtes Interesse<\/strong><\/p>\n<p>Unser berechtigtes Interesse ist die statistische Analyse des Nutzerverhaltens zu Optimierungs- und Marketingzwecken. Zum Schutz Ihres Interesses am Datenschutz benutzt diese Webseite Google Analytics mit der Erweiterung &#8222;anonymizeIP()&#8220;, damit die IP-Adressen nur gek\u00fcrzt weiterverarbeitet werden, um eine direkte Personenbeziehbarkeit auszuschlie\u00dfen.<\/p>\n<p><strong>(4) Empf\u00e4ngerkategorien<\/strong><\/p>\n<p>Google, Partnerunternehmen<\/p>\n<p><strong>(5) \u00dcbermittlung an ein Drittland<\/strong><\/p>\n<p>Google LLC mit Sitz in den USA ist f\u00fcr das us-europ\u00e4ische Datenschutz\u00fcbereinkommen \u201ePrivacy Shield\u201c zertifiziert, welches die Einhaltung des in der EU geltenden Datenschutzniveaus gew\u00e4hrleistet.<\/p>\n<p><strong>(6) Speicherdauer<\/strong><\/p>\n<p>Unbegrenzt<\/p>\n<p><strong>(7) WIDERSPRUCHSRECHT<\/strong><\/p>\n<p>Sie k\u00f6nnen die Speicherung der Cookies durch eine entsprechende Einstellung Ihrer Browser-Software verhindern; wir weisen Sie jedoch darauf hin, dass Sie in diesem Fall gegebenenfalls nicht s\u00e4mtliche Funktionen dieser Website vollumf\u00e4nglich werden nutzen k\u00f6nnen. Sie k\u00f6nnen dar\u00fcber hinaus die Erfassung der durch das Cookie erzeugten und auf Ihre Nutzung der Website bezogenen Daten (inkl. Ihrer IP-Adresse) an Google sowie die Verarbeitung dieser Daten durch Google verhindern, indem Sie das unter dem folgenden Link verf\u00fcgbare Browser-Plugin herunterladen und installieren: <a href=\"http:\/\/tools.google.com\/dlpage\/gaoptout?hl=de\" target=\"_blank\" rel=\"nofollow noopener\">optout<\/a><\/p>\n<p>Sie k\u00f6nnen die Erfassung auch durch das Setzen eines Opt-Out-Cookies unterbinden. Wenn Sie die zuk\u00fcnftige Erfassung Ihrer Daten beim Besuch dieser Website verhindern m\u00f6chten, klicken Sie bitte hier: <a>Google Analytics deaktivieren<\/a><\/p>\n<h3>\u00a7 5 Informationen \u00fcber Cookies<\/h3>\n<p><strong>(1) Verarbeitungszweck<\/strong><\/p>\n<p>Auf dieser Webseite werden technisch notwendige Cookies eingesetzt. Es handelt sich dabei um kleine Textdateien, die im bzw. von Ihrem Internetbrowser auf Ihrem Computersystem gespeichert werden. Diese Cookies erm\u00f6glichen z.B. das Einlegen mehrerer Produkte in einen Warenkorb.<\/p>\n<p><strong>(2) Rechtsgrundlage<\/strong><\/p>\n<p>Rechtsgrundlage f\u00fcr diese Verarbeitung ist Art. 6 Abs.1 f) DSGVO.<\/p>\n<p><strong>(3) Berechtigtes Interesse<\/strong><\/p>\n<p>Unser berechtigtes Interesse ist die Funktionsf\u00e4higkeit unserer Webseite. Die durch technisch notwendige Cookies erhobenen Nutzerdaten werden nicht zur Erstellung von Nutzerprofilen verwendet. Dadurch wird Ihr Interesse am Datenschutz gewahrt.<\/p>\n<p><strong>(4) Speicherdauer<\/strong><\/p>\n<p>Die technisch notwendigen Cookies werden im Regelfall mit dem Schlie\u00dfen des Browsers gel\u00f6scht. Dauerhaft gespeicherte Cookies haben eine unterschiedlich lange Lebensdauer von einigen Minuten bis zu mehreren Jahren.<\/p>\n<p><strong>(5) WIDERSPRUCHSRECHT<\/strong><\/p>\n<p><strong>Falls Sie die Speicherung dieser Cookies nicht w\u00fcnschen, deaktivieren Sie bitte die Annahme dieser Cookies in Ihrem Internetbrowser. <\/strong><strong>Dies kann aber eine Funktionseinschr\u00e4nkung unserer Webseite zur Folge haben. Dauerhaft<\/strong> <strong>gespeicherte Cookies k\u00f6nnen Sie ebenfalls jederzeit \u00fcber Ihren Browser l\u00f6schen.<\/strong><\/p>\n<h3>\u00a7 6 Rechte der betroffenen Person<\/h3>\n<p>Werden personenbezogene Daten von Ihnen verarbeitet, sind Sie Betroffener i.S.d. DSGVO und es stehen Ihnen folgende Rechte gegen\u00fcber dem Verantwortlichen zu:<\/p>\n<p><strong>1. Auskunftsrecht<\/strong><\/p>\n<p>Sie k\u00f6nnen von dem Verantwortlichen eine Best\u00e4tigung dar\u00fcber verlangen, ob personenbezogene Daten, die Sie betreffen, von uns verarbeitet werden.<\/p>\n<p>Liegt eine solche Verarbeitung vor, k\u00f6nnen Sie von dem Verantwortlichen \u00fcber folgende Informationen Auskunft verlangen:<\/p>\n<p>(1) die Zwecke, zu denen die personenbezogenen Daten verarbeitet werden;<\/p>\n<p>(2) die Kategorien von personenbezogenen Daten, welche verarbeitet werden;<\/p>\n<p>(3) die Empf\u00e4nger bzw. die Kategorien von Empf\u00e4ngern, gegen\u00fcber denen die Sie betreffenden personenbezogenen Daten offengelegt wurden oder noch offengelegt werden;<\/p>\n<p>(4) die geplante Dauer der Speicherung der Sie betreffenden personenbezogenen Daten oder, falls konkrete Angaben hierzu nicht m\u00f6glich sind, Kriterien f\u00fcr die Festlegung der Speicherdauer;<\/p>\n<p>(5) das Bestehen eines Rechts auf Berichtigung oder L\u00f6schung der Sie betreffenden personenbezogenen Daten, eines Rechts auf Einschr\u00e4nkung der Verarbeitung durch den Verantwortlichen oder eines Widerspruchsrechts gegen diese Verarbeitung;<\/p>\n<p>(6) das Bestehen eines Beschwerderechts bei einer Aufsichtsbeh\u00f6rde;<\/p>\n<p>(7) alle verf\u00fcgbaren Informationen \u00fcber die Herkunft der Daten, wenn die personenbezogenen Daten nicht bei der betroffenen Person erhoben werden;<\/p>\n<p>&nbsp;<\/p>\n<p>&nbsp;<\/p>\n<p>&nbsp;<\/p>\n","protected":false},"excerpt":{"rendered":"<p>\u00a7 1 Allgemeines Diese Website nutzt aus Sicherheitsgr\u00fcnden und zum Schutz der \u00dcbertragung personenbezogener Daten und anderer vertraulicher Inhalte (z.B. Beitr\u00e4ge oder Kommentare) eine SSL-bzw. TLS-Verschl\u00fcsselung. Sie k\u00f6nnen eine verschl\u00fcsselte Verbindung an der Zeichenfolge \u201ehttps:\/\/\u201c und dem Schloss-Symbol in Ihrer Browseradresszeile erkennen. Ihre personenbezogenen Daten (z. B. Anrede, Name, Anschrift, E-Mail-Adresse, ip Adresse ) werden von uns nur gem\u00e4\u00df den Bestimmungen des deutschen Datenschutzrechts und des Datenschutzrechts der Europ\u00e4ischen Union (EU) verarbeitet. Die nachfolgenden Vorschriften informieren Sie \u00fcber Art, Umfang und Zweck der Erhebung, Verarbeitung und Nutzung personenbezogener Daten. Diese Datenschutzerkl\u00e4rung bezieht sich nur auf unsere Webseiten. Falls Sie \u00fcber Links auf unseren Seiten auf andere Seiten weitergeleitet werden, informieren Sie sich bitte dort \u00fcber den jeweiligen Umgang mit Ihren Daten. \u00a7 3 Kommentare (1) Verarbeitungszweck Es besteht die M\u00f6glichkeit einen Kommentar zu verfassen. Ihre Daten (z.B. Name\/Pseudonym, E-Mail-Adresse, Website) werden dann nur f\u00fcr den Zweck der Ver\u00f6ffentlichung Ihres Kommentars verarbeitet. (2) Rechtsgrundlage Rechtsgrundlage f\u00fcr diese Verarbeitung ist Art. 6 Abs. 1 f) DSGVO. (3) Berechtigtes Interesse Unser berechtigtes Interesse ist der \u00f6ffentliche Austausch von Nutzermeinungen zu bestimmten Themen und Produkten. Die Ver\u00f6ffentlichung dient u.a. der Transparenz und Meinungsbildung. Ihr Interesse am Datenschutz bleibt gewahrt, da Sie Ihren Kommentar unter [&hellip;]<\/p>\n","protected":false},"author":1,"featured_media":0,"parent":0,"menu_order":0,"comment_status":"closed","ping_status":"closed","template":"","meta":{"footnotes":""},"class_list":["post-933","page","type-page","status-publish","hentry"],"_links":{"self":[{"href":"https:\/\/www.schuelersegeln-sh.de\/index.php?rest_route=\/wp\/v2\/pages\/933","targetHints":{"allow":["GET"]}}],"collection":[{"href":"https:\/\/www.schuelersegeln-sh.de\/index.php?rest_route=\/wp\/v2\/pages"}],"about":[{"href":"https:\/\/www.schuelersegeln-sh.de\/index.php?rest_route=\/wp\/v2\/types\/page"}],"author":[{"embeddable":true,"href":"https:\/\/www.schuelersegeln-sh.de\/index.php?rest_route=\/wp\/v2\/users\/1"}],"replies":[{"embeddable":true,"href":"https:\/\/www.schuelersegeln-sh.de\/index.php?rest_route=%2Fwp%2Fv2%2Fcomments&post=933"}],"version-history":[{"count":2,"href":"https:\/\/www.schuelersegeln-sh.de\/index.php?rest_route=\/wp\/v2\/pages\/933\/revisions"}],"predecessor-version":[{"id":935,"href":"https:\/\/www.schuelersegeln-sh.de\/index.php?rest_route=\/wp\/v2\/pages\/933\/revisions\/935"}],"wp:attachment":[{"href":"https:\/\/www.schuelersegeln-sh.de\/index.php?rest_route=%2Fwp%2Fv2%2Fmedia&parent=933"}],"curies":[{"name":"wp","href":"https:\/\/api.w.org\/{rel}","templated":true}]}}